{"id":1412,"date":"2016-12-19T18:02:05","date_gmt":"2016-12-19T18:02:05","guid":{"rendered":"https:\/\/www.euro-online.org\/websites\/demo\/?page_id=23"},"modified":"2026-01-28T10:22:55","modified_gmt":"2026-01-28T10:22:55","slug":"home-2","status":"publish","type":"page","link":"https:\/\/bor.euro-online.org\/","title":{"rendered":"Home"},"content":{"rendered":"<div class=\"wpb-content-wrapper\"><p>[vc_row][vc_column][vc_column_text css=&#8221;&#8221;]<\/p>\r\n<p>Welcome to the c<strong>ollaboration platform<\/strong> of Behavioural OR (BOR). This site is created to <strong>connect BOR people<\/strong>.<\/p>\r\n<p>\u00a0<\/p>\r\n\r\n<h2>Our Core Definition of BOR <\/h2>\r\n<h2><\/h2>\r\n<h2><\/h2>\r\n<h2><\/h2>\r\n<p class=\"has-text-align-center has-cyan-bluish-gray-background-color has-background\">Central to the BOR agenda is the understanding of how human behaviour affects, or is affected by, OR-supported activity, and the use of this understanding to improve OR practice and education.<\/p>\r\n<h2><\/h2>\r\n<p>&nbsp;<\/p>\r\n<p> Against this backdrop, we cordially invite contributions that explore behavioural issues in relation to OR, especially those that <strong>examine behaviour in OR-supported setting<\/strong> (see <a href=\"https:\/\/www.euro-online.org\/websites\/bor\/mission\/\" target=\"_blank\" rel=\"noreferrer noopener\">BOR Mission<\/a>).<\/p>\r\n<p>\r\n\r\n[\/vc_column_text][vc_column_text css=&#8221;&#8221;]<\/p>\r\n<hr class=\"wp-block-separator aligncenter has-text-color has-cyan-bluish-gray-color has-alpha-channel-opacity has-cyan-bluish-gray-background-color has-background is-style-default\" \/>\r\n<p>[\/vc_column_text][\/vc_column][\/vc_row][vc_row][vc_column][vc_video link=&#8221;https:\/\/youtu.be\/sWqGSXmazTc&#8221; css=&#8221;&#8221; title=&#8221;BOR Research Group \u2013 Who We Are&#8221;][\/vc_column][\/vc_row][vc_row][vc_column][vc_column_text css=&#8221;&#8221;]<\/p>\r\n<p>&nbsp;<\/p>\r\n\r\n<h2>Upcoming BOR events<\/h2>\r\n<p><!-- \/wp:post-content --><br \/><!-- wp:paragraph -->We present BOR contributions at the Brown Bag Lunch Seminar (see <a href=\"https:\/\/www.euro-online.org\/websites\/bor\/behavioral-operation-research-brown-bag-seminar-series\/\">BOR Seminars<\/a>). Find a complete list of<strong> organized events<\/strong> <a href=\"https:\/\/www.euro-online.org\/websites\/bor\/events\/\">here<\/a>. Other important events are for example:<\/p>\r\n<p>&nbsp;<\/p>\r\n<p style=\"text-align: center;\"><ul class=\"ecs-event-list\"><li class=\"ecs-event conferences_ecs_category\"><h4 class=\"entry-title summary\"><a href=\"https:\/\/bor.euro-online.org\/index.php\/event\/gdn-conference-katowice\/\" rel=\"bookmark\">GDN Conference &#8212; Katowice<\/a><\/h4><p class=\"ecs-excerpt\">GDN Conference, Katowice, June 28th \u2013 July 1st, 2026 The link is: https:\/\/gdnconference.org\/gdn202...<\/p><span class=\"duration time\"><span class=\"tribe-event-date-start\">June 28 @ 8:00 am<\/span> - <span class=\"tribe-event-date-end\">July 1 @ 5:00 pm<\/span><\/span><\/li><\/ul><script type=\"application\/ld+json\">\r\n[{\"@context\":\"http:\/\/schema.org\",\"@type\":\"Event\",\"name\":\"GDN Conference &#8212; Katowice\",\"description\":\"&lt;p&gt;GDN Conference, Katowice, June 28th \\u2013 July 1st, 2026 The link is: https:\/\/gdnconference.org\/gdn2026\/ Behavioural Issues in Model-driven Group Decision Support Stream Organiser: L. Alberto Franco &nbsp; Model-driven group decision support [&hellip;]&lt;\/p&gt;\\\\n\",\"url\":\"https:\/\/bor.euro-online.org\/index.php\/event\/gdn-conference-katowice\/\",\"eventAttendanceMode\":\"https:\/\/schema.org\/OfflineEventAttendanceMode\",\"eventStatus\":\"https:\/\/schema.org\/EventScheduled\",\"startDate\":\"2026-06-28T08:00:00+00:00\",\"endDate\":\"2026-07-01T17:00:00+00:00\",\"performer\":\"Organization\"}]\r\n<\/script><!--\n Event listing powered by The Events Calendar Shortcode\n https:\/\/eventcalendarnewsletter.com\/the-events-calendar-shortcode\/ \n--><\/p>\r\n<p>[\/vc_column_text][\/vc_column][\/vc_row][vc_row][vc_column][vc_separator css=&#8221;&#8221;][vc_column_text css=&#8221;&#8221;]<\/p>\r\n<p><!-- \/wp:paragraph -->\r\n\r\n<!-- wp:paragraph -->The <strong>EURO working group on Behavioural OR\u00a0<\/strong> was established in January 2017. If you would like to be included as a member of the working group and be included in our mailing list please navigate to the <a href=\"https:\/\/www.euro-online.org\/websites\/bor\/register\/\">become a member page<\/a> on this website.<\/p>\r\n<p><!-- \/wp:paragraph -->\r\n\r\n<!-- wp:paragraph -->The\u00a0<a href=\"https:\/\/www.euro-online.org\/websites\/bor\/special-issues-2\/\">special issue on BOR<\/a>\u00a0in EJOR came out in early 2016.<\/p>\r\n<p><!-- \/wp:paragraph -->\r\n\r\n<!-- wp:paragraph -->The\u00a0<a href=\"https:\/\/www.euro-online.org\/websites\/bor\/event\/ifors2014\/\">IFORS meeting<\/a>\u00a0in Barcelona in July 2014 had the first stream of papers in BOR, followed by streams in\u00a0<a href=\"https:\/\/www.euro-online.org\/websites\/bor\/event\/euro2015\/\">EURO 2015<\/a>\u00a0in Glasgow,\u00a0<a href=\"https:\/\/www.euro-online.org\/websites\/bor\/event\/euro2016\/\">EURO 2016<\/a>\u00a0in Poznan,\u00a0<a href=\"http:\/\/bor.aalto.fi\/ifors2017.html\">IFORS 2017<\/a> in Quebec, <a href=\"https:\/\/www.euro-online.org\/websites\/bor\/event\/euro2018\/\">EURO 2018<\/a> in Valencia, <a href=\"https:\/\/www.euro-online.org\/web\/pages\/1649\/2019-dublin-euro-k\">EURO 2019<\/a> in Dublin, and in EURO 2021 Hybrid Conference in Athens\u00a0where BOR was an area. The sessions were full and people were quite excited with lively discussions. You can find the slides of many of the key papers presented on our web site.<\/p>\r\n<p><!-- \/wp:paragraph -->[\/vc_column_text][\/vc_column][\/vc_row][vc_row][vc_column][vc_video link=&#8221;https:\/\/youtu.be\/qtkQYusVugQ&#8221; css=&#8221;&#8221; title=&#8221;Video &#8211; BOR Research Group \u2013 Who We Are&#8221;][\/vc_column][\/vc_row]<\/p><\/div>","protected":false},"excerpt":{"rendered":"<p>[vc_row][vc_column][vc_column_text css=&#8221;&#8221;] Welcome to the collaboration platform of Behavioural OR (BOR). This site is created to connect BOR people. \u00a0 Our Core Definition of BOR Central to the BOR agenda [&hellip;]<\/p>\n","protected":false},"author":4,"featured_media":0,"parent":0,"menu_order":0,"comment_status":"closed","ping_status":"closed","template":"","meta":{"footnotes":""},"class_list":["post-1412","page","type-page","status-publish","hentry","cat_conferences"],"rttpg_featured_image_url":null,"rttpg_author":{"display_name":"Raimo P. H\u00e4m\u00e4l\u00e4inen","author_link":"https:\/\/bor.euro-online.org\/index.php\/author\/raimo\/"},"rttpg_comment":0,"rttpg_category":null,"rttpg_excerpt":"[vc_row][vc_column][vc_column_text css=&#8221;&#8221;] Welcome to the collaboration platform of Behavioural OR (BOR). This site is created to connect BOR people. \u00a0 Our Core Definition of BOR Central to the BOR agenda [&hellip;]","_links":{"self":[{"href":"https:\/\/bor.euro-online.org\/index.php\/wp-json\/wp\/v2\/pages\/1412","targetHints":{"allow":["GET"]}}],"collection":[{"href":"https:\/\/bor.euro-online.org\/index.php\/wp-json\/wp\/v2\/pages"}],"about":[{"href":"https:\/\/bor.euro-online.org\/index.php\/wp-json\/wp\/v2\/types\/page"}],"author":[{"embeddable":true,"href":"https:\/\/bor.euro-online.org\/index.php\/wp-json\/wp\/v2\/users\/4"}],"replies":[{"embeddable":true,"href":"https:\/\/bor.euro-online.org\/index.php\/wp-json\/wp\/v2\/comments?post=1412"}],"version-history":[{"count":19,"href":"https:\/\/bor.euro-online.org\/index.php\/wp-json\/wp\/v2\/pages\/1412\/revisions"}],"predecessor-version":[{"id":1509,"href":"https:\/\/bor.euro-online.org\/index.php\/wp-json\/wp\/v2\/pages\/1412\/revisions\/1509"}],"wp:attachment":[{"href":"https:\/\/bor.euro-online.org\/index.php\/wp-json\/wp\/v2\/media?parent=1412"}],"curies":[{"name":"wp","href":"https:\/\/api.w.org\/{rel}","templated":true}]}}